{"id":122,"date":"2018-08-14T15:16:56","date_gmt":"2018-08-14T13:16:56","guid":{"rendered":"http:\/\/lucelec.net\/?page_id=122"},"modified":"2026-03-15T12:35:07","modified_gmt":"2026-03-15T11:35:07","slug":"nos-references-electricien-orbec","status":"publish","type":"page","link":"https:\/\/lucelec.net\/index.php\/nos-references-electricien-orbec\/","title":{"rendered":"Nos r\u00e9f\u00e9rences"},"content":{"rendered":"\n<h2 class=\"has-text-align-center wp-block-heading\"><strong>Quelques r\u00e9f\u00e9rences de chantiers effectuer par nos soins.<\/strong><\/h2>\n\n\n\n<p>&nbsp;&nbsp; <\/p>\n\n\n\n<div class=\"wp-block-columns has-2-columns is-layout-flex wp-container-core-columns-is-layout-9d6595d7 wp-block-columns-is-layout-flex\">\n<div class=\"wp-block-column is-layout-flow wp-block-column-is-layout-flow\">\n<p class=\"has-text-align-left\"><strong>R\u00e9sidentiels<\/strong><\/p>\n\n\n\n<ul class=\"wp-block-list\">\n<li>Divers appartements \/ maison \/ villas en Neuf et r\u00e9novation venez voir notre Album Photos<\/li>\n<\/ul>\n<\/div>\n\n\n\n<div class=\"wp-block-column is-layout-flow wp-block-column-is-layout-flow\">\n<p class=\"has-text-align-left\"><strong>Tertiaires<\/strong><\/p>\n\n\n\n<ul class=\"wp-block-list\">\n<li>EHPAD ORBEC 115 lits<\/li>\n\n\n\n<li>\u00c9coles \u00e9l\u00e9mentaire de Meulles<\/li>\n\n\n\n<li>Salle des f\u00eates ROUEN<\/li>\n\n\n\n<li>Lyc\u00e9e technique CAEN<\/li>\n\n\n\n<li>SA Cr\u00e9abois<\/li>\n<\/ul>\n<\/div>\n<\/div>\n","protected":false},"excerpt":{"rendered":"<p>Quelques r\u00e9f\u00e9rences de chantiers effectuer par nos soins. &nbsp;&nbsp; R\u00e9sidentiels Tertiaires<\/p>\n","protected":false},"author":1,"featured_media":0,"parent":0,"menu_order":0,"comment_status":"closed","ping_status":"closed","template":"","meta":{"_monsterinsights_skip_tracking":false,"_monsterinsights_sitenote_active":false,"_monsterinsights_sitenote_note":"","_monsterinsights_sitenote_category":0,"footnotes":""},"class_list":["post-122","page","type-page","status-publish","hentry"],"_links":{"self":[{"href":"https:\/\/lucelec.net\/index.php\/wp-json\/wp\/v2\/pages\/122","targetHints":{"allow":["GET"]}}],"collection":[{"href":"https:\/\/lucelec.net\/index.php\/wp-json\/wp\/v2\/pages"}],"about":[{"href":"https:\/\/lucelec.net\/index.php\/wp-json\/wp\/v2\/types\/page"}],"author":[{"embeddable":true,"href":"https:\/\/lucelec.net\/index.php\/wp-json\/wp\/v2\/users\/1"}],"replies":[{"embeddable":true,"href":"https:\/\/lucelec.net\/index.php\/wp-json\/wp\/v2\/comments?post=122"}],"version-history":[{"count":1,"href":"https:\/\/lucelec.net\/index.php\/wp-json\/wp\/v2\/pages\/122\/revisions"}],"predecessor-version":[{"id":331,"href":"https:\/\/lucelec.net\/index.php\/wp-json\/wp\/v2\/pages\/122\/revisions\/331"}],"wp:attachment":[{"href":"https:\/\/lucelec.net\/index.php\/wp-json\/wp\/v2\/media?parent=122"}],"curies":[{"name":"wp","href":"https:\/\/api.w.org\/{rel}","templated":true}]}}