{"id":158,"date":"2018-08-19T20:25:22","date_gmt":"2018-08-19T18:25:22","guid":{"rendered":"http:\/\/lucelec.net\/?page_id=158"},"modified":"2026-03-15T12:33:29","modified_gmt":"2026-03-15T11:33:29","slug":"contact-electricien-orbec","status":"publish","type":"page","link":"https:\/\/lucelec.net\/index.php\/contact-electricien-orbec\/","title":{"rendered":"Nous contacter"},"content":{"rendered":"\n<h3 class=\"wp-block-heading\"><strong>Pour nous contacter<br><\/strong><\/h3>\n\n\n<p><span style=\"color: #0000ff;\"><strong>LUCIEN \u00c9lectricit\u00e9<\/strong><\/span><\/p>\n<p>T\u00e9l: 06.80.10.65.74<\/p>\n<p>Email: contact@lucelec.net<\/p>","protected":false},"excerpt":{"rendered":"<p>Pour nous contacter LUCIEN \u00c9lectricit\u00e9 T\u00e9l: 06.80.10.65.74 Email: contact@lucelec.net<\/p>\n","protected":false},"author":1,"featured_media":0,"parent":0,"menu_order":0,"comment_status":"closed","ping_status":"closed","template":"","meta":{"_monsterinsights_skip_tracking":false,"_monsterinsights_sitenote_active":false,"_monsterinsights_sitenote_note":"","_monsterinsights_sitenote_category":0,"footnotes":""},"class_list":["post-158","page","type-page","status-publish","hentry"],"_links":{"self":[{"href":"https:\/\/lucelec.net\/index.php\/wp-json\/wp\/v2\/pages\/158","targetHints":{"allow":["GET"]}}],"collection":[{"href":"https:\/\/lucelec.net\/index.php\/wp-json\/wp\/v2\/pages"}],"about":[{"href":"https:\/\/lucelec.net\/index.php\/wp-json\/wp\/v2\/types\/page"}],"author":[{"embeddable":true,"href":"https:\/\/lucelec.net\/index.php\/wp-json\/wp\/v2\/users\/1"}],"replies":[{"embeddable":true,"href":"https:\/\/lucelec.net\/index.php\/wp-json\/wp\/v2\/comments?post=158"}],"version-history":[{"count":6,"href":"https:\/\/lucelec.net\/index.php\/wp-json\/wp\/v2\/pages\/158\/revisions"}],"predecessor-version":[{"id":327,"href":"https:\/\/lucelec.net\/index.php\/wp-json\/wp\/v2\/pages\/158\/revisions\/327"}],"wp:attachment":[{"href":"https:\/\/lucelec.net\/index.php\/wp-json\/wp\/v2\/media?parent=158"}],"curies":[{"name":"wp","href":"https:\/\/api.w.org\/{rel}","templated":true}]}}