{"id":7,"date":"2018-08-09T10:22:50","date_gmt":"2018-08-09T08:22:50","guid":{"rendered":"http:\/\/lucelec.net\/?page_id=7"},"modified":"2026-03-15T12:28:55","modified_gmt":"2026-03-15T11:28:55","slug":"electricien-installation-reparation-depannage-orbec-la-vespiere-14290","status":"publish","type":"page","link":"https:\/\/lucelec.net\/","title":{"rendered":"Qui sommes nous ?"},"content":{"rendered":"<p style=\"text-align: center;\"><strong data-start=\"198\" data-end=\"301\"><span style=\"color: #0000ff;\">LUCIEN \u00c9lectricit\u00e9<\/span> est un acteur reconnu de l&rsquo;installation \u00e9lectrique et du d\u00e9pannage en Normandie.<\/strong><br data-start=\"301\" data-end=\"304\" \/>Au service des particuliers, des professionnels et des collectivit\u00e9s, l&rsquo;entreprise met \u00e0 disposition un savoir-faire qualifi\u00e9 pour l&rsquo;ensemble des travaux \u00e9lectriques, en neuf comme en r\u00e9novation.<\/p>\n<p style=\"text-align: center;\">\u00a0<\/p>\n\n\n<p><strong>LUCIEN \u00c9lectricit\u00e9 incarne une vision exigeante du m\u00e9tier d&rsquo;\u00e9lectricien, fond\u00e9e sur la ma\u00eetrise technique, la rigueur d&rsquo;ex\u00e9cution et le sens du service.<\/strong><\/p>\n\n\n\n<p>Dirig\u00e9e par Lucien, artisan \u00e9lectricien, l&rsquo;entreprise accompagne ses clients dans la r\u00e9alisation, la r\u00e9novation, la maintenance et la mise en conformit\u00e9 d&rsquo;installations \u00e9lectriques en courants forts et courants faibles.<\/p>\n\n\n\n<p>De l&rsquo;\u00e9lectricit\u00e9 g\u00e9n\u00e9rale aux solutions de contr\u00f4le d&rsquo;acc\u00e8s, en passant par le chauffage et les pompes \u00e0 chaleur, nous r\u00e9alisons des prestations soign\u00e9es, fiables et durables, con\u00e7ues pour r\u00e9pondre aux plus hauts standards de qualit\u00e9.<\/p>\n\n\n\n<p>Avec LUCIEN \u00c9lectricit\u00e9, chaque projet profite d&rsquo;un accompagnement attentif, d&rsquo;une ex\u00e9cution ma\u00eetris\u00e9e et d&rsquo;une exigence constante dans les moindres d\u00e9tails.<\/p>\n\n\n\n<blockquote class=\"wp-block-quote has-text-align-center  is-style-large is-layout-flow wp-block-quote-is-layout-flow\">\n<p><strong>Des interventions \u00e9lectriques aux <a href=\"https:\/\/professionnels.promotelec.com\/normes-et-reglementations\/\" target=\"_blank\" rel=\"noopener\">normes<\/a><\/strong><\/p>\n<\/blockquote>\n\n\n\n<h4 class=\"wp-block-heading\"><strong>Toute notre technicit\u00e9 pour votre enti\u00e8re satisfaction.<\/strong><\/h4>\n\n\n\n<p><strong>LUCIEN \u00c9lectricit\u00e9<\/strong> r\u00e9alise vos travaux d&rsquo;\u00e9lectricit\u00e9 g\u00e9n\u00e9rale avec rigueur, en utilisant des mat\u00e9riaux modernes et performants. Pannes, circuits d\u00e9fectueux, d\u00e9fauts de branchement ou pose de r\u00e9seau \u00e9lectrique : <strong>nous vous garantissons une intervention efficace, soign\u00e9e et adapt\u00e9e \u00e0 vos besoins.<\/strong><\/p>\n\n\n\n<blockquote class=\"wp-block-quote has-text-align-center  is-style-large is-layout-flow wp-block-quote-is-layout-flow\">\n<p><strong>Des solutions fiables et durables en \u00e9lectricit\u00e9 g\u00e9n\u00e9rale<\/strong><\/p>\n<\/blockquote>\n","protected":false},"excerpt":{"rendered":"<p>LUCIEN \u00c9lectricit\u00e9 est un acteur reconnu de l&rsquo;installation \u00e9lectrique et du d\u00e9pannage en Normandie.Au service des particuliers, des professionnels et des collectivit\u00e9s, l&rsquo;entreprise met \u00e0 disposition un savoir-faire qualifi\u00e9 pour l&rsquo;ensemble des travaux \u00e9lectriques, en neuf comme en r\u00e9novation. \u00a0 LUCIEN \u00c9lectricit\u00e9 incarne une vision exigeante du m\u00e9tier d&rsquo;\u00e9lectricien, fond\u00e9e sur la ma\u00eetrise technique, la&#8230;<\/p>\n","protected":false},"author":1,"featured_media":0,"parent":0,"menu_order":0,"comment_status":"closed","ping_status":"closed","template":"","meta":{"_monsterinsights_skip_tracking":false,"_monsterinsights_sitenote_active":false,"_monsterinsights_sitenote_note":"","_monsterinsights_sitenote_category":0,"footnotes":""},"class_list":["post-7","page","type-page","status-publish","hentry"],"_links":{"self":[{"href":"https:\/\/lucelec.net\/index.php\/wp-json\/wp\/v2\/pages\/7","targetHints":{"allow":["GET"]}}],"collection":[{"href":"https:\/\/lucelec.net\/index.php\/wp-json\/wp\/v2\/pages"}],"about":[{"href":"https:\/\/lucelec.net\/index.php\/wp-json\/wp\/v2\/types\/page"}],"author":[{"embeddable":true,"href":"https:\/\/lucelec.net\/index.php\/wp-json\/wp\/v2\/users\/1"}],"replies":[{"embeddable":true,"href":"https:\/\/lucelec.net\/index.php\/wp-json\/wp\/v2\/comments?post=7"}],"version-history":[{"count":6,"href":"https:\/\/lucelec.net\/index.php\/wp-json\/wp\/v2\/pages\/7\/revisions"}],"predecessor-version":[{"id":329,"href":"https:\/\/lucelec.net\/index.php\/wp-json\/wp\/v2\/pages\/7\/revisions\/329"}],"wp:attachment":[{"href":"https:\/\/lucelec.net\/index.php\/wp-json\/wp\/v2\/media?parent=7"}],"curies":[{"name":"wp","href":"https:\/\/api.w.org\/{rel}","templated":true}]}}